{"id":8,"date":"2021-11-06T22:24:55","date_gmt":"2021-11-06T22:24:55","guid":{"rendered":"https:\/\/deshr.com\/index.php\/shop\/"},"modified":"2026-04-30T21:07:39","modified_gmt":"2026-04-30T21:07:39","slug":"menu","status":"publish","type":"page","link":"https:\/\/deshr.com\/","title":{"rendered":"Men\u00fa"},"content":{"rendered":"\n<figure class=\"wp-block-gallery has-nested-images columns-default is-cropped wp-block-gallery-1 is-layout-flex wp-block-gallery-is-layout-flex\">\n<figure class=\"wp-block-image size-large\"><img loading=\"lazy\" decoding=\"async\" width=\"791\" height=\"1024\" data-id=\"400\" src=\"https:\/\/deshr.com\/wp-content\/uploads\/2026\/04\/1-791x1024.png\" alt=\"\" class=\"wp-image-400\" srcset=\"https:\/\/deshr.com\/wp-content\/uploads\/2026\/04\/1-791x1024.png 791w, https:\/\/deshr.com\/wp-content\/uploads\/2026\/04\/1-232x300.png 232w, https:\/\/deshr.com\/wp-content\/uploads\/2026\/04\/1-768x994.png 768w, https:\/\/deshr.com\/wp-content\/uploads\/2026\/04\/1-1187x1536.png 1187w, https:\/\/deshr.com\/wp-content\/uploads\/2026\/04\/1-416x539.png 416w, https:\/\/deshr.com\/wp-content\/uploads\/2026\/04\/1.png 1545w\" sizes=\"auto, (max-width: 791px) 100vw, 791px\" \/><\/figure>\n<\/figure>\n\n\n\n<figure class=\"wp-block-gallery has-nested-images columns-default is-cropped wp-block-gallery-2 is-layout-flex wp-block-gallery-is-layout-flex\">\n<figure class=\"wp-block-image size-large\"><img loading=\"lazy\" decoding=\"async\" width=\"791\" height=\"1024\" data-id=\"402\" src=\"https:\/\/deshr.com\/wp-content\/uploads\/2026\/04\/2-791x1024.png\" alt=\"\" class=\"wp-image-402\" srcset=\"https:\/\/deshr.com\/wp-content\/uploads\/2026\/04\/2-791x1024.png 791w, https:\/\/deshr.com\/wp-content\/uploads\/2026\/04\/2-232x300.png 232w, https:\/\/deshr.com\/wp-content\/uploads\/2026\/04\/2-768x994.png 768w, https:\/\/deshr.com\/wp-content\/uploads\/2026\/04\/2-1187x1536.png 1187w, https:\/\/deshr.com\/wp-content\/uploads\/2026\/04\/2-416x539.png 416w, https:\/\/deshr.com\/wp-content\/uploads\/2026\/04\/2.png 1545w\" sizes=\"auto, (max-width: 791px) 100vw, 791px\" \/><\/figure>\n<\/figure>\n\n\n\n<figure class=\"wp-block-gallery has-nested-images columns-default is-cropped wp-block-gallery-3 is-layout-flex wp-block-gallery-is-layout-flex\">\n<figure class=\"wp-block-image size-large\"><img loading=\"lazy\" decoding=\"async\" width=\"791\" height=\"1024\" data-id=\"405\" src=\"https:\/\/deshr.com\/wp-content\/uploads\/2026\/04\/3-1-791x1024.png\" alt=\"\" class=\"wp-image-405\" srcset=\"https:\/\/deshr.com\/wp-content\/uploads\/2026\/04\/3-1-791x1024.png 791w, https:\/\/deshr.com\/wp-content\/uploads\/2026\/04\/3-1-232x300.png 232w, https:\/\/deshr.com\/wp-content\/uploads\/2026\/04\/3-1-768x994.png 768w, https:\/\/deshr.com\/wp-content\/uploads\/2026\/04\/3-1-1187x1536.png 1187w, https:\/\/deshr.com\/wp-content\/uploads\/2026\/04\/3-1-416x539.png 416w, https:\/\/deshr.com\/wp-content\/uploads\/2026\/04\/3-1.png 1545w\" sizes=\"auto, (max-width: 791px) 100vw, 791px\" \/><\/figure>\n<\/figure>\n\n\n\n<figure class=\"wp-block-gallery has-nested-images columns-default is-cropped wp-block-gallery-4 is-layout-flex wp-block-gallery-is-layout-flex\"><\/figure>\n\n\n\n<figure class=\"wp-block-gallery has-nested-images columns-default is-cropped wp-block-gallery-5 is-layout-flex wp-block-gallery-is-layout-flex\">\n<figure class=\"wp-block-image size-large\"><img loading=\"lazy\" decoding=\"async\" width=\"791\" height=\"1024\" data-id=\"385\" src=\"https:\/\/deshr.com\/wp-content\/uploads\/2026\/04\/DESHR-Menu-4-2-791x1024.png\" alt=\"\" class=\"wp-image-385\" srcset=\"https:\/\/deshr.com\/wp-content\/uploads\/2026\/04\/DESHR-Menu-4-2-791x1024.png 791w, https:\/\/deshr.com\/wp-content\/uploads\/2026\/04\/DESHR-Menu-4-2-232x300.png 232w, https:\/\/deshr.com\/wp-content\/uploads\/2026\/04\/DESHR-Menu-4-2-768x994.png 768w, https:\/\/deshr.com\/wp-content\/uploads\/2026\/04\/DESHR-Menu-4-2-1187x1536.png 1187w, https:\/\/deshr.com\/wp-content\/uploads\/2026\/04\/DESHR-Menu-4-2-1583x2048.png 1583w, https:\/\/deshr.com\/wp-content\/uploads\/2026\/04\/DESHR-Menu-4-2-416x538.png 416w, https:\/\/deshr.com\/wp-content\/uploads\/2026\/04\/DESHR-Menu-4-2.png 1700w\" sizes=\"auto, (max-width: 791px) 100vw, 791px\" \/><\/figure>\n<\/figure>\n\n\n\n<figure class=\"wp-block-gallery has-nested-images columns-default is-cropped wp-block-gallery-6 is-layout-flex wp-block-gallery-is-layout-flex\"><\/figure>\n\n\n\n<figure class=\"wp-block-embed is-type-video is-provider-youtube wp-block-embed-youtube wp-embed-aspect-16-9 wp-has-aspect-ratio\"><div class=\"wp-block-embed__wrapper\">\n<iframe loading=\"lazy\" title=\"Deshr - Bangladeshi Kitchen\" width=\"980\" height=\"551\" src=\"https:\/\/www.youtube.com\/embed\/mY48vhpjhnY?feature=oembed\" frameborder=\"0\" allow=\"accelerometer; autoplay; clipboard-write; encrypted-media; gyroscope; picture-in-picture; web-share\" referrerpolicy=\"strict-origin-when-cross-origin\" allowfullscreen><\/iframe>\n<\/div><\/figure>\n\n\n\n<p class=\"has-text-align-center has-medium-font-size\"><em>La comida de Bangladesh es muy parecida a la comida del norte de la <strong><em>India<\/em><\/strong><em> pero con m\u00e1s uso de carne y sazones por la influencia del imperio que construy\u00f3 el Taj Mahal (el imperio Mughal), al igual que el uso de verduras y otros ingredientes tropicales como se usan en Myanmar y Tailandia.<\/em><\/em><\/p>\n\n\n\n<hr class=\"wp-block-separator has-alpha-channel-opacity\"\/>\n\n\n\n<hr class=\"wp-block-separator has-css-opacity\"\/>\n\n\n\n<p class=\"has-text-align-center\"><strong>Direcci\u00f3n<\/strong>: <a href=\"https:\/\/maps.app.goo.gl\/8EggdQhTgSLtxcv57\" title=\"\">L\u00e1zaro C\u00e1rdenas del R\u00edo 6-1, Colonia Luis, Echeverria, 22703 Playas de Rosarito, B.C.<\/a><\/p>\n\n\n\n<p class=\"has-text-align-center\"><strong>E-mail:<\/strong> sales@deshr.com <\/p>\n\n\n\n<hr class=\"wp-block-separator has-css-opacity\"\/>\n\n\n\n<h3 class=\"wp-block-heading has-text-align-center\"><strong>Horarios<\/strong><\/h3>\n\n\n\n<p class=\"has-text-align-center\"><strong> Lunes &#8211; Viernes :<\/strong> 11 am &#8211; 8 pm<\/p>\n\n\n\n<p class=\"has-text-align-center\"><strong>S\u00e1bado :<\/strong> 4 pm &#8211; 8 pm<\/p>\n\n\n\n<p class=\"has-text-align-center\"><strong>Domingo: <\/strong>Cerrado<\/p>\n\n\n\n<hr class=\"wp-block-separator has-css-opacity\"\/>\n\n\n\n<blockquote class=\"wp-block-quote has-text-align-center is-style-default is-layout-flow wp-block-quote-is-layout-flow\">\n<p><strong><span style=\"text-decoration: underline;\">A domicilio:<\/span> <a href=\"https:\/\/www.ubereats.com\/mx-en\/store\/deshr-bangladeshi-kitchen\/gf5LRCT7QoSXB8glpapBkw?diningMode=DELIVERY\">UberEats<\/a><\/strong><\/p>\n\n\n\n<p>Recibimos ordenes para eventos con dos d\u00edas de aviso<\/p>\n<\/blockquote>\n\n\n\n<hr class=\"wp-block-separator has-css-opacity\"\/>\n\n\n\n<p class=\"has-text-align-center\">Todos los precios est\u00e1n en Pesos Mexicanos (MXN)<\/p>\n\n\n\n<p><\/p>\n","protected":false},"excerpt":{"rendered":"<p>La comida de Bangladesh es muy parecida a la comida del norte de la India pero con m\u00e1s uso de carne y sazones por la influencia del imperio que construy\u00f3 el Taj Mahal (el imperio Mughal), al igual que el uso de verduras y otros ingredientes tropicales como se usan en Myanmar y Tailandia. Direcci\u00f3n: [&hellip;]<\/p>\n","protected":false},"author":1,"featured_media":0,"parent":0,"menu_order":0,"comment_status":"closed","ping_status":"closed","template":"","meta":{"om_disable_all_campaigns":false,"_monsterinsights_skip_tracking":false,"_monsterinsights_sitenote_active":false,"_monsterinsights_sitenote_note":"","_monsterinsights_sitenote_category":0,"footnotes":""},"class_list":["post-8","page","type-page","status-publish","hentry"],"aioseo_notices":[],"_links":{"self":[{"href":"https:\/\/deshr.com\/index.php\/wp-json\/wp\/v2\/pages\/8","targetHints":{"allow":["GET"]}}],"collection":[{"href":"https:\/\/deshr.com\/index.php\/wp-json\/wp\/v2\/pages"}],"about":[{"href":"https:\/\/deshr.com\/index.php\/wp-json\/wp\/v2\/types\/page"}],"author":[{"embeddable":true,"href":"https:\/\/deshr.com\/index.php\/wp-json\/wp\/v2\/users\/1"}],"replies":[{"embeddable":true,"href":"https:\/\/deshr.com\/index.php\/wp-json\/wp\/v2\/comments?post=8"}],"version-history":[{"count":77,"href":"https:\/\/deshr.com\/index.php\/wp-json\/wp\/v2\/pages\/8\/revisions"}],"predecessor-version":[{"id":406,"href":"https:\/\/deshr.com\/index.php\/wp-json\/wp\/v2\/pages\/8\/revisions\/406"}],"wp:attachment":[{"href":"https:\/\/deshr.com\/index.php\/wp-json\/wp\/v2\/media?parent=8"}],"curies":[{"name":"wp","href":"https:\/\/api.w.org\/{rel}","templated":true}]}}